{"id":979,"date":"2019-03-10T15:08:29","date_gmt":"2019-03-10T14:08:29","guid":{"rendered":"https:\/\/devlab.expert\/?page_id=979"},"modified":"2019-03-18T23:00:41","modified_gmt":"2019-03-18T22:00:41","slug":"c-developer","status":"publish","type":"page","link":"https:\/\/devlab.expert\/en\/careers\/c-developer\/","title":{"rendered":"C#-Developer"},"content":{"rendered":"<div id=\"pl-979\"  class=\"panel-layout\" ><div id=\"pg-979-0\"  class=\"panel-grid panel-has-style\" ><div class=\"devlab-introheader siteorigin-panels-stretch panel-row-style panel-row-style-for-979-0\" data-siteorigin-parallax=\"{&quot;backgroundUrl&quot;:&quot;https:\\\/\\\/devlab.expert\\\/wp-content\\\/uploads\\\/2016\\\/03\\\/devlab-le-fond01.jpg&quot;,&quot;backgroundSize&quot;:[2100,1400],&quot;backgroundSizing&quot;:&quot;scaled&quot;,&quot;limitMotion&quot;:&quot;auto&quot;}\" data-stretch-type=\"full-stretched\" ><div id=\"pgc-979-0-0\"  class=\"panel-grid-cell\" ><div id=\"panel-979-0-0-0\" class=\"so-panel widget widget_sow-headline panel-first-child panel-last-child\" data-index=\"0\" ><div class=\"devlab-introheader panel-widget-style panel-widget-style-for-979-0-0-0\" ><div class=\"so-widget-sow-headline so-widget-sow-headline-default-104df701c7f5\"><div class=\"sow-headline-container \">\n\t<h1 class='sow-headline'>Careers<\/h1><h3 class='sow-sub-headline'>Be Part of the Team<\/h3><\/div><\/div><\/div><\/div><\/div><\/div><\/div><div id=\"pg-979-1\"  class=\"panel-grid panel-has-style\" ><div class=\"devlab-row siteorigin-panels-stretch panel-row-style panel-row-style-for-979-1\" data-stretch-type=\"full\" ><div id=\"pgc-979-1-0\"  class=\"panel-grid-cell\" ><div class=\"negativ panel-cell-style panel-cell-style-for-979-1-0\" ><div id=\"panel-979-1-0-0\" class=\"so-panel widget widget_sow-headline panel-first-child panel-last-child\" data-index=\"1\" ><div class=\"panel-widget-style panel-widget-style-for-979-1-0-0\" ><div class=\"so-widget-sow-headline so-widget-sow-headline-default-74e27cda9110\"><div class=\"sow-headline-container \">\n\t<h2 class='sow-headline'>Job: C# Developer<\/h2>\t\t\t\t\t<div class=\"decoration\">\n\t\t\t\t\t\t<div class=\"decoration-inside\"><\/div>\n\t\t\t\t\t<\/div>\n\t\t\t\t\t<h4 class='sow-sub-headline'>Wir suchen Dich - vielf\u00e4ltige Chancen und M\u00f6glichkeiten warten auf Dich!<\/h4><\/div><\/div><\/div><\/div><\/div><\/div><\/div><\/div><div id=\"pg-979-2\"  class=\"panel-grid panel-has-style\" ><div class=\"devlab-row siteorigin-panels-stretch panel-row-style panel-row-style-for-979-2\" data-stretch-type=\"full\" ><div id=\"pgc-979-2-0\"  class=\"panel-grid-cell\" ><div class=\"negativ panel-cell-style panel-cell-style-for-979-2-0\" ><div id=\"panel-979-2-0-0\" class=\"so-panel widget widget_sow-editor panel-first-child panel-last-child\" data-index=\"2\" ><div class=\"panel-widget-style panel-widget-style-for-979-2-0-0\" ><div class=\"so-widget-sow-editor so-widget-sow-editor-base\">\n<div class=\"siteorigin-widget-tinymce textwidget\">\n\t<p>devlab entwickelt individuelle und skalierbare Businessanwendungen f\u00fcr Gesch\u00e4ftskunden weltweit mit modernsten Technologien. Wir sind ein Team aus erfahrenen Softwareentwicklern mit einem offenen Geist und vielf\u00e4ltigen innovativen Ideen. Wir arbeiten und organisieren uns dynamisch und leben flache Hierarchien.<\/p>\n<p><strong>Was dich erwartet:<\/strong><\/p>\n<ul>\n<li>Softwareentwicklung mit der Technologie .NET<\/li>\n<li>Umsetzung moderner Anwendungen mit agilen Vorgehensweisen im Team<\/li>\n<li>Eigenst\u00e4ndige Konzeption und Implementierung anspruchsvoller Softwarel\u00f6sungen<\/li>\n<\/ul>\n<p><strong><br \/>\nWas du mitbringen solltest:<\/strong><\/p>\n<ul>\n<li>Kenntnisse der Programmiersprache C#<\/li>\n<li>Erfahrungen mit Datenbanken, Integration in Softwareprojekten<\/li>\n<li>Kenntnisse von WebApi und Restservice<\/li>\n<\/ul>\n<p><strong><br \/>\nDeine Perspektiven:<\/strong><\/p>\n<ul>\n<li>Beste Verg\u00fctung<\/li>\n<li>Frei w\u00e4hlbare technische Arbeitsumgebung<\/li>\n<li>Ideale B\u00fcrolage im Zentrum Leipzig direkt am Hauptbahnhof<\/li>\n<li>Flexible Arbeitszeiten, Remotem\u00f6glichkeit<\/li>\n<\/ul>\n<p>&nbsp;<\/p>\n<p>Mail uns einen kurzen Lebenslauf oder bekunde direkt dein Interesse und stellst dich pers\u00f6nlich bei uns im B\u00fcro vor. So bekommst du direkt einen Einblick in unser Team und Tun.<\/p>\n<p><strong>Kontaktdaten:<\/strong><br \/>\n<a href=\"mailto:job@devlab.expert\">job@devlab.expert<\/a> | <a href=\"tel:+4934139295420\">+49.341.3929.5420<\/a><\/p>\n<\/div>\n<\/div><\/div><\/div><\/div><\/div><\/div><\/div><div id=\"pg-979-3\"  class=\"panel-grid panel-has-style\" ><div class=\"devlab-row siteorigin-panels-stretch panel-row-style panel-row-style-for-979-3\" data-stretch-type=\"full\" ><div id=\"pgc-979-3-0\"  class=\"panel-grid-cell\" ><div class=\"negativ panel-cell-style panel-cell-style-for-979-3-0\" ><div id=\"panel-979-3-0-0\" class=\"so-panel widget widget_sow-editor panel-first-child panel-last-child\" data-index=\"3\" ><div class=\"panel-widget-style panel-widget-style-for-979-3-0-0\" ><div class=\"so-widget-sow-editor so-widget-sow-editor-base\">\n<div class=\"siteorigin-widget-tinymce textwidget\">\n\t<p><a href=\"https:\/\/devlab.expert\/careers\/\">Zur\u00fcck<\/a><\/p>\n<\/div>\n<\/div><\/div><\/div><\/div><\/div><\/div><\/div><\/div>","protected":false},"excerpt":{"rendered":"<p>CareersBe Part of the Team Job: C# Developer Wir suchen Dich &#8211; vielf\u00e4ltige Chancen und M\u00f6glichkeiten warten auf Dich! devlab entwickelt individuelle und skalierbare Businessanwendungen f\u00fcr Gesch\u00e4ftskunden weltweit mit modernsten Technologien. Wir sind ein Team aus erfahrenen Softwareentwicklern mit einem offenen Geist und vielf\u00e4ltigen innovativen Ideen. Wir arbeiten und organisieren uns dynamisch und leben flache <a href=\"https:\/\/devlab.expert\/en\/careers\/c-developer\/\" rel=\"nofollow\"><span class=\"sr-only\">Read more about C#-Developer<\/span>[&hellip;]<\/a><\/p>\n","protected":false},"author":3,"featured_media":0,"parent":41,"menu_order":20,"comment_status":"closed","ping_status":"closed","template":"template-fullwidth-no-title.php","meta":[],"_links":{"self":[{"href":"https:\/\/devlab.expert\/en\/wp-json\/wp\/v2\/pages\/979"}],"collection":[{"href":"https:\/\/devlab.expert\/en\/wp-json\/wp\/v2\/pages"}],"about":[{"href":"https:\/\/devlab.expert\/en\/wp-json\/wp\/v2\/types\/page"}],"author":[{"embeddable":true,"href":"https:\/\/devlab.expert\/en\/wp-json\/wp\/v2\/users\/3"}],"replies":[{"embeddable":true,"href":"https:\/\/devlab.expert\/en\/wp-json\/wp\/v2\/comments?post=979"}],"version-history":[{"count":22,"href":"https:\/\/devlab.expert\/en\/wp-json\/wp\/v2\/pages\/979\/revisions"}],"predecessor-version":[{"id":1111,"href":"https:\/\/devlab.expert\/en\/wp-json\/wp\/v2\/pages\/979\/revisions\/1111"}],"up":[{"embeddable":true,"href":"https:\/\/devlab.expert\/en\/wp-json\/wp\/v2\/pages\/41"}],"wp:attachment":[{"href":"https:\/\/devlab.expert\/en\/wp-json\/wp\/v2\/media?parent=979"}],"curies":[{"name":"wp","href":"https:\/\/api.w.org\/{rel}","templated":true}]}}