{"id":962,"date":"2019-03-10T14:37:17","date_gmt":"2019-03-10T13:37:17","guid":{"rendered":"https:\/\/devlab.expert\/?page_id=962"},"modified":"2019-03-18T22:59:28","modified_gmt":"2019-03-18T21:59:28","slug":"webentwickler","status":"publish","type":"page","link":"https:\/\/devlab.expert\/en\/careers\/webdeveloper\/","title":{"rendered":"Webdeveloper"},"content":{"rendered":"<div id=\"pl-962\"  class=\"panel-layout\" ><div id=\"pg-962-0\"  class=\"panel-grid panel-has-style\" ><div class=\"devlab-introheader siteorigin-panels-stretch panel-row-style panel-row-style-for-962-0\" data-siteorigin-parallax=\"{&quot;backgroundUrl&quot;:&quot;https:\\\/\\\/devlab.expert\\\/wp-content\\\/uploads\\\/2016\\\/03\\\/devlab-le-fond01.jpg&quot;,&quot;backgroundSize&quot;:[2100,1400],&quot;backgroundSizing&quot;:&quot;scaled&quot;,&quot;limitMotion&quot;:&quot;auto&quot;}\" data-stretch-type=\"full-stretched\" ><div id=\"pgc-962-0-0\"  class=\"panel-grid-cell\" ><div id=\"panel-962-0-0-0\" class=\"so-panel widget widget_sow-headline panel-first-child panel-last-child\" data-index=\"0\" ><div class=\"devlab-introheader panel-widget-style panel-widget-style-for-962-0-0-0\" ><div class=\"so-widget-sow-headline so-widget-sow-headline-default-104df701c7f5\"><div class=\"sow-headline-container \">\n\t<h1 class='sow-headline'>Careers<\/h1><h3 class='sow-sub-headline'>Be Part of the Team<\/h3><\/div><\/div><\/div><\/div><\/div><\/div><\/div><div id=\"pg-962-1\"  class=\"panel-grid panel-has-style\" ><div class=\"devlab-row siteorigin-panels-stretch panel-row-style panel-row-style-for-962-1\" data-stretch-type=\"full\" ><div id=\"pgc-962-1-0\"  class=\"panel-grid-cell\" ><div class=\"negativ panel-cell-style panel-cell-style-for-962-1-0\" ><div id=\"panel-962-1-0-0\" class=\"so-panel widget widget_sow-headline panel-first-child panel-last-child\" data-index=\"1\" ><div class=\"panel-widget-style panel-widget-style-for-962-1-0-0\" ><div class=\"so-widget-sow-headline so-widget-sow-headline-default-74e27cda9110\"><div class=\"sow-headline-container \">\n\t<h2 class='sow-headline'>Job als Webentwickler | Frontend-Entwickler<\/h2>\t\t\t\t\t<div class=\"decoration\">\n\t\t\t\t\t\t<div class=\"decoration-inside\"><\/div>\n\t\t\t\t\t<\/div>\n\t\t\t\t\t<h4 class='sow-sub-headline'>Voll-\/Teilzeit\/Werkstudent<\/h4><\/div><\/div><\/div><\/div><\/div><\/div><\/div><\/div><div id=\"pg-962-2\"  class=\"panel-grid panel-has-style\" ><div class=\"devlab-row siteorigin-panels-stretch panel-row-style panel-row-style-for-962-2\" data-stretch-type=\"full\" ><div id=\"pgc-962-2-0\"  class=\"panel-grid-cell\" ><div class=\"negativ panel-cell-style panel-cell-style-for-962-2-0\" ><div id=\"panel-962-2-0-0\" class=\"so-panel widget widget_sow-editor panel-first-child panel-last-child\" data-index=\"2\" ><div class=\"panel-widget-style panel-widget-style-for-962-2-0-0\" ><div class=\"so-widget-sow-editor so-widget-sow-editor-base\">\n<div class=\"siteorigin-widget-tinymce textwidget\">\n\t<p>Wolltest du schon immer an gro\u00dfartigen Projekten mitwirken?<br \/>\nDen entwicklungstechnischen Horizont sprengen, um wahnwitzige L\u00f6sungen f\u00fcr ultra komplexe Kundenprobleme zu finden?<br \/>\nMobile und Desktop first, aber immer eines nach dem anderen?<\/p>\n<p><strong>Klartext:<\/strong><br \/>\nSchon mal TypeScript\/Javascript geschrieben?<br \/>\nAn `nem Angular-Projekt mit dran rumgefummelt?<br \/>\nUI-Tests auch schon angerichtet und CSS und HTML sind dir bekannt?<\/p>\n<p><strong>Mehr wollen wir gar nicht!<\/strong><\/p>\n<p>Mail uns oder ruf uns an und wir machen einen pers\u00f6nlichen Termin aus.<\/p>\n<p><strong>Kontaktdaten:<\/strong><br \/>\n<a href=\"mailto:job@devlab.expert\">job@devlab.expert<\/a> | <a href=\"tel:+4934139295420\">+49.341.3929.5420<\/a><\/p>\n<\/div>\n<\/div><\/div><\/div><\/div><\/div><\/div><\/div><div id=\"pg-962-3\"  class=\"panel-grid panel-has-style\" ><div class=\"devlab-row siteorigin-panels-stretch panel-row-style panel-row-style-for-962-3\" data-stretch-type=\"full\" ><div id=\"pgc-962-3-0\"  class=\"panel-grid-cell\" ><div class=\"negativ panel-cell-style panel-cell-style-for-962-3-0\" ><div id=\"panel-962-3-0-0\" class=\"so-panel widget widget_sow-editor panel-first-child panel-last-child\" data-index=\"3\" ><div class=\"panel-widget-style panel-widget-style-for-962-3-0-0\" ><div class=\"so-widget-sow-editor so-widget-sow-editor-base\">\n<div class=\"siteorigin-widget-tinymce textwidget\">\n\t<p><a href=\"https:\/\/devlab.expert\/careers\/\">Zur\u00fcck<\/a><\/p>\n<\/div>\n<\/div><\/div><\/div><\/div><\/div><\/div><\/div><\/div>","protected":false},"excerpt":{"rendered":"<p>CareersBe Part of the Team Job als Webentwickler | Frontend-Entwickler Voll-\/Teilzeit\/Werkstudent Wolltest du schon immer an gro\u00dfartigen Projekten mitwirken? Den entwicklungstechnischen Horizont sprengen, um wahnwitzige L\u00f6sungen f\u00fcr ultra komplexe Kundenprobleme zu finden? Mobile und Desktop first, aber immer eines nach dem anderen? Klartext: Schon mal TypeScript\/Javascript geschrieben? An `nem Angular-Projekt mit dran rumgefummelt? UI-Tests auch <a href=\"https:\/\/devlab.expert\/en\/careers\/webdeveloper\/\" rel=\"nofollow\"><span class=\"sr-only\">Read more about Webdeveloper<\/span>[&hellip;]<\/a><\/p>\n","protected":false},"author":3,"featured_media":0,"parent":41,"menu_order":10,"comment_status":"closed","ping_status":"closed","template":"template-fullwidth-no-title.php","meta":[],"_links":{"self":[{"href":"https:\/\/devlab.expert\/en\/wp-json\/wp\/v2\/pages\/962"}],"collection":[{"href":"https:\/\/devlab.expert\/en\/wp-json\/wp\/v2\/pages"}],"about":[{"href":"https:\/\/devlab.expert\/en\/wp-json\/wp\/v2\/types\/page"}],"author":[{"embeddable":true,"href":"https:\/\/devlab.expert\/en\/wp-json\/wp\/v2\/users\/3"}],"replies":[{"embeddable":true,"href":"https:\/\/devlab.expert\/en\/wp-json\/wp\/v2\/comments?post=962"}],"version-history":[{"count":65,"href":"https:\/\/devlab.expert\/en\/wp-json\/wp\/v2\/pages\/962\/revisions"}],"predecessor-version":[{"id":1109,"href":"https:\/\/devlab.expert\/en\/wp-json\/wp\/v2\/pages\/962\/revisions\/1109"}],"up":[{"embeddable":true,"href":"https:\/\/devlab.expert\/en\/wp-json\/wp\/v2\/pages\/41"}],"wp:attachment":[{"href":"https:\/\/devlab.expert\/en\/wp-json\/wp\/v2\/media?parent=962"}],"curies":[{"name":"wp","href":"https:\/\/api.w.org\/{rel}","templated":true}]}}